{"id":4400,"date":"2021-10-12T15:51:09","date_gmt":"2021-10-12T15:51:09","guid":{"rendered":"http:\/\/dummy.xtemos.com\/woodmart2\/elementor\/?page_id=4400"},"modified":"2025-11-14T11:34:12","modified_gmt":"2025-11-14T11:34:12","slug":"about-us-3","status":"publish","type":"page","link":"https:\/\/inegolpapel.com\/?page_id=4400","title":{"rendered":"About us"},"content":{"rendered":"\t\t<div data-elementor-type=\"wp-page\" data-elementor-id=\"4400\" class=\"elementor elementor-4400\">\n\t\t\t\t<div class=\"wd-negative-gap elementor-element elementor-element-1c90c3f wd-section-stretch e-flex e-con-boxed e-con e-parent\" data-id=\"1c90c3f\" data-element_type=\"container\" data-e-type=\"container\" data-settings=\"{&quot;background_background&quot;:&quot;classic&quot;}\">\n\t\t\t\t\t<div class=\"e-con-inner\">\n\t\t\t\t<div class=\"elementor-element elementor-element-5d57672 elementor-widget__width-initial elementor-widget-tablet__width-inherit wd-width-100 elementor-widget elementor-widget-wd_title\" data-id=\"5d57672\" data-element_type=\"widget\" data-e-type=\"widget\" data-widget_type=\"wd_title.default\">\n\t\t\t\t<div class=\"elementor-widget-container\">\n\t\t\t\t\t\t\t<div class=\"title-wrapper wd-set-mb reset-last-child wd-title-color-primary wd-title-style-default wd-title-size-large text-left\">\n\n\t\t\t\t\t\t\t\t\t\t\t<div class=\"title-subtitle subtitle-color-primary subtitle-style-default wd-fontsize-xs\">\n\t\t\t\t\tOCCA\t\t\t\t<\/div>\n\t\t\t\n\t\t\t<div class=\"liner-continer\">\n\t\t\t\t<h4 class=\"woodmart-title-container title wd-fontsize-xxl\">Mobilya d\u00fcnyas\u0131nda zarafeti, konforu ve kaliteyi bir araya getirmek amac\u0131yla kurulmu\u015ftur.<\/h4> \n\t\t\t\t\t\t\t<\/div>\n\n\t\t\t\t\t<\/div>\n\t\t\t\t\t\t<\/div>\n\t\t\t\t<\/div>\n\t\t\t\t<div class=\"elementor-element elementor-element-9c05225 elementor-widget__width-initial elementor-widget elementor-widget-wd_infobox\" data-id=\"9c05225\" data-element_type=\"widget\" data-e-type=\"widget\" data-widget_type=\"wd_infobox.default\">\n\t\t\t\t<div class=\"elementor-widget-container\">\n\t\t\t\t\t\t\t<div class=\"info-box-wrapper\">\n\t\t\t<div class=\"wd-info-box text-left box-icon-align-top box-style-base color-scheme-\">\n\t\t\t\t\n\t\t\t\t<div class=\"info-box-content\">\n\t\t\t\t\t\n\t\t\t\t\t\t\t\t\t\t\t<h4\t\t\t\t\t\tclass=\"info-box-title title box-title-style-default wd-fontsize-m\" data-elementor-setting-key=\"title\">\n\t\t\t\t\t\t\t\tVizyonumuz\t\t\t\t\t\t<\/h4>\n\t\t\t\t\t\n\t\t\t\t\t<div class=\"info-box-inner reset-last-child\"data-elementor-setting-key=\"content\"><p data-start=\"1206\" data-end=\"1430\">Mobilya sekt\u00f6r\u00fcnde <strong data-start=\"1225\" data-end=\"1287\">tasar\u0131m ve kaliteyi bir arada sunan \u00f6nc\u00fc bir d\u00fcnya markas\u0131<\/strong> haline gelmek.<br data-start=\"1302\" data-end=\"1305\" \/>Her ge\u00e7en g\u00fcn geli\u015fen \u00fcretim teknolojileriyle, estetik anlay\u0131\u015f\u0131m\u0131z\u0131 yenileyerek kullan\u0131c\u0131lar\u0131n ya\u015fam alanlar\u0131na de\u011fer katmak.<\/p>\n<\/div>\n\n\t\t\t\t\t\t\t\t\t<\/div>\n\n\t\t\t\t\t\t\t<\/div>\n\t\t<\/div>\n\t\t\t\t\t\t<\/div>\n\t\t\t\t<\/div>\n\t\t\t\t<div class=\"elementor-element elementor-element-ec30bde elementor-widget__width-initial elementor-widget elementor-widget-wd_infobox\" data-id=\"ec30bde\" data-element_type=\"widget\" data-e-type=\"widget\" data-widget_type=\"wd_infobox.default\">\n\t\t\t\t<div class=\"elementor-widget-container\">\n\t\t\t\t\t\t\t<div class=\"info-box-wrapper\">\n\t\t\t<div class=\"wd-info-box text-left box-icon-align-top box-style-base color-scheme-\">\n\t\t\t\t\n\t\t\t\t<div class=\"info-box-content\">\n\t\t\t\t\t\n\t\t\t\t\t\t\t\t\t\t\t<h4\t\t\t\t\t\tclass=\"info-box-title title box-title-style-default wd-fontsize-m\" data-elementor-setting-key=\"title\">\n\t\t\t\t\t\t\t\tMisyonumuz\t\t\t\t\t\t<\/h4>\n\t\t\t\t\t\n\t\t\t\t\t<div class=\"info-box-inner reset-last-child\"data-elementor-setting-key=\"content\"><ul data-start=\"1456\" data-end=\"1722\">\n<li data-start=\"1456\" data-end=\"1545\">\n<p data-start=\"1458\" data-end=\"1545\">Her zevke ve ihtiyaca hitap eden ergonomik, estetik ve dayan\u0131kl\u0131 sandalyeler \u00fcretmek.<\/p>\n<\/li>\n<li data-start=\"1546\" data-end=\"1633\">\n<p data-start=\"1548\" data-end=\"1633\">Do\u011faya ve insana sayg\u0131l\u0131, s\u00fcrd\u00fcr\u00fclebilir \u00fcretim anlay\u0131\u015f\u0131yla sekt\u00f6re katk\u0131 sa\u011flamak.<\/p>\n<\/li>\n<li data-start=\"1634\" data-end=\"1722\">\n<p data-start=\"1636\" data-end=\"1722\">M\u00fc\u015fteri memnuniyetini daima \u00f6n planda tutarak, g\u00fcvenilir bir marka olmay\u0131 s\u00fcrd\u00fcrmek.<\/p>\n<\/li>\n<\/ul>\n<\/div>\n\n\t\t\t\t\t\t\t\t\t<\/div>\n\n\t\t\t\t\t\t\t<\/div>\n\t\t<\/div>\n\t\t\t\t\t\t<\/div>\n\t\t\t\t<\/div>\n\t\t\t\t\t<\/div>\n\t\t\t\t<\/div>\n\t\t<div class=\"wd-negative-gap elementor-element elementor-element-7c7c544 e-flex e-con-boxed e-con e-parent\" data-id=\"7c7c544\" data-element_type=\"container\" data-e-type=\"container\">\n\t\t\t\t\t<div class=\"e-con-inner\">\n\t\t<div class=\"elementor-element elementor-element-e7cb5cd e-con-full e-flex e-con e-child\" data-id=\"e7cb5cd\" data-element_type=\"container\" data-e-type=\"container\">\n\t\t\t\t<div class=\"elementor-element elementor-element-56aec39 elementor-widget elementor-widget-wd_image_or_svg\" data-id=\"56aec39\" data-element_type=\"widget\" data-e-type=\"widget\" data-widget_type=\"wd_image_or_svg.default\">\n\t\t\t\t<div class=\"elementor-widget-container\">\n\t\t\t\t\t\n\t\t<div class=\"wd-image text-left\">\n\t\t\t\t\t\t\t\t<img loading=\"lazy\" decoding=\"async\" width=\"864\" height=\"947\" src=\"https:\/\/inegolpapel.com\/wp-content\/uploads\/2025\/10\/Screenshot-2025-10-30-at-17-31-51-PNG-resmi-1024-\u00d7-1024-piksel-\u2014-Olceklendi-93.png\" class=\"attachment-full size-full\" alt=\"\" srcset=\"https:\/\/inegolpapel.com\/wp-content\/uploads\/2025\/10\/Screenshot-2025-10-30-at-17-31-51-PNG-resmi-1024-\u00d7-1024-piksel-\u2014-Olceklendi-93.png 864w, https:\/\/inegolpapel.com\/wp-content\/uploads\/2025\/10\/Screenshot-2025-10-30-at-17-31-51-PNG-resmi-1024-\u00d7-1024-piksel-\u2014-Olceklendi-93-274x300.png 274w, https:\/\/inegolpapel.com\/wp-content\/uploads\/2025\/10\/Screenshot-2025-10-30-at-17-31-51-PNG-resmi-1024-\u00d7-1024-piksel-\u2014-Olceklendi-93-730x800.png 730w, https:\/\/inegolpapel.com\/wp-content\/uploads\/2025\/10\/Screenshot-2025-10-30-at-17-31-51-PNG-resmi-1024-\u00d7-1024-piksel-\u2014-Olceklendi-93-768x842.png 768w, https:\/\/inegolpapel.com\/wp-content\/uploads\/2025\/10\/Screenshot-2025-10-30-at-17-31-51-PNG-resmi-1024-\u00d7-1024-piksel-\u2014-Olceklendi-93-430x471.png 430w, https:\/\/inegolpapel.com\/wp-content\/uploads\/2025\/10\/Screenshot-2025-10-30-at-17-31-51-PNG-resmi-1024-\u00d7-1024-piksel-\u2014-Olceklendi-93-700x767.png 700w, https:\/\/inegolpapel.com\/wp-content\/uploads\/2025\/10\/Screenshot-2025-10-30-at-17-31-51-PNG-resmi-1024-\u00d7-1024-piksel-\u2014-Olceklendi-93-150x164.png 150w\" sizes=\"auto, (max-width: 864px) 100vw, 864px\" \/>\t\t\t\t\t<\/div>\n\n\t\t\t\t\t\t<\/div>\n\t\t\t\t<\/div>\n\t\t\t\t<\/div>\n\t\t<div class=\"elementor-element elementor-element-97d6084 e-con-full e-flex e-con e-child\" data-id=\"97d6084\" data-element_type=\"container\" data-e-type=\"container\">\n\t\t\t\t<div class=\"elementor-element elementor-element-66e47ad elementor-widget elementor-widget-wd_text_block\" data-id=\"66e47ad\" data-element_type=\"widget\" data-e-type=\"widget\" data-widget_type=\"wd_text_block.default\">\n\t\t\t\t<div class=\"elementor-widget-container\">\n\t\t\t\t\t\t\t<div class=\"wd-text-block reset-last-child text-left\">\n\t\t\t\n\t\t\t<h2 data-start=\"321\" data-end=\"338\"><strong data-start=\"324\" data-end=\"338\">Hakk\u0131m\u0131zda<\/strong><\/h2><p data-start=\"340\" data-end=\"641\">Mobilya d\u00fcnyas\u0131nda zarafeti, konforu ve kaliteyi bir araya getirmek amac\u0131yla kurulan <strong data-start=\"425\" data-end=\"433\">Occa<\/strong>, y\u0131llar\u0131n deneyimini modern tasar\u0131m anlay\u0131\u015f\u0131yla bulu\u015fturan bir sandalye markas\u0131d\u0131r. Her detay\u0131yla fark yaratan \u00fcr\u00fcnlerimiz, ya\u015fam alanlar\u0131na estetik bir dokunu\u015f katarken uzun \u00f6m\u00fcrl\u00fc kullan\u0131m konforu sunar.<\/p><p data-start=\"643\" data-end=\"960\">\u00dcretim s\u00fcrecimizin her a\u015famas\u0131nda <strong data-start=\"677\" data-end=\"738\">el i\u015f\u00e7ili\u011fi, se\u00e7kin malzeme kalitesi ve yenilik\u00e7i tasar\u0131m<\/strong> anlay\u0131\u015f\u0131 \u00f6n plandad\u0131r. Ah\u015fab\u0131n do\u011fall\u0131\u011f\u0131n\u0131, kuma\u015f\u0131n s\u0131cakl\u0131\u011f\u0131yla birle\u015ftirerek modern \u00e7izgide yeniden yorumluyoruz. Occa olarak, sadece bir sandalye de\u011fil, <strong data-start=\"895\" data-end=\"947\">mek\u00e2nlara kimlik kazand\u0131ran bir tasar\u0131m deneyimi<\/strong> sunuyoruz.<\/p><p data-start=\"962\" data-end=\"1180\">\u0130neg\u00f6l\u2019de yer alan \u00fcretim tesisimizde, alan\u0131nda uzman ekibimizle her biri titizlikle \u00fcretilen sandalyelerimiz; <strong data-start=\"1073\" data-end=\"1103\">ev, kafe, restoran ve otel<\/strong> gibi farkl\u0131 kullan\u0131m alanlar\u0131na uygun geni\u015f bir \u00fcr\u00fcn yelpazesine sahiptir.<\/p>\n\t\t\t\t\t<\/div>\n\t\t\t\t\t\t<\/div>\n\t\t\t\t<\/div>\n\t\t<div class=\"elementor-element elementor-element-3eef7d8 e-con-full e-flex e-con e-child\" data-id=\"3eef7d8\" data-element_type=\"container\" data-e-type=\"container\">\n\t\t\t\t<div class=\"elementor-element elementor-element-ee232e9 elementor-widget__width-auto elementor-hidden-phone elementor-widget elementor-widget-wd_social_buttons\" data-id=\"ee232e9\" data-element_type=\"widget\" data-e-type=\"widget\" data-widget_type=\"wd_social_buttons.default\">\n\t\t\t\t<div class=\"elementor-widget-container\">\n\t\t\t\t\t\t\t\t<div\n\t\t\t\t\t\tclass=\" wd-social-icons wd-style-colored-alt wd-size-small social-share wd-shape-circle color-scheme-dark text-left\">\n\t\t\t\t\n\t\t\t\t\n\t\t\t\t\t\t\t\t\t<a rel=\"noopener noreferrer nofollow\" href=\"https:\/\/www.facebook.com\/sharer\/sharer.php?u=https:\/\/inegolpapel.com\/?page_id=4400\" target=\"_blank\" class=\" wd-social-icon social-facebook\" aria-label=\"Facebook social link\">\n\t\t\t\t\t\t<span class=\"wd-icon\"><\/span>\n\t\t\t\t\t\t\t\t\t\t\t<\/a>\n\t\t\t\t\n\t\t\t\t\t\t\t\t\t<a rel=\"noopener noreferrer nofollow\" href=\"https:\/\/x.com\/share?url=https:\/\/inegolpapel.com\/?page_id=4400\" target=\"_blank\" class=\" wd-social-icon social-twitter\" aria-label=\"X social link\">\n\t\t\t\t\t\t<span class=\"wd-icon\"><\/span>\n\t\t\t\t\t\t\t\t\t\t\t<\/a>\n\t\t\t\t\n\t\t\t\t\n\t\t\t\t\n\t\t\t\t\n\t\t\t\t\n\t\t\t\t\n\t\t\t\t\t\t\t\t\t<a rel=\"noopener noreferrer nofollow\" href=\"https:\/\/pinterest.com\/pin\/create\/button\/?url=https:\/\/inegolpapel.com\/?page_id=4400&media=https:\/\/inegolpapel.com\/wp-includes\/images\/media\/default.svg&description=About+us\" target=\"_blank\" class=\" wd-social-icon social-pinterest\" aria-label=\"Pinterest social link\">\n\t\t\t\t\t\t<span class=\"wd-icon\"><\/span>\n\t\t\t\t\t\t\t\t\t\t\t<\/a>\n\t\t\t\t\n\t\t\t\t\n\t\t\t\t\t\t\t\t\t<a rel=\"noopener noreferrer nofollow\" href=\"https:\/\/www.linkedin.com\/shareArticle?mini=true&url=https:\/\/inegolpapel.com\/?page_id=4400\" target=\"_blank\" class=\" wd-social-icon social-linkedin\" aria-label=\"Linkedin social link\">\n\t\t\t\t\t\t<span class=\"wd-icon\"><\/span>\n\t\t\t\t\t\t\t\t\t\t\t<\/a>\n\t\t\t\t\n\t\t\t\t\n\t\t\t\t\n\t\t\t\t\n\t\t\t\t\n\t\t\t\t\n\t\t\t\t\n\t\t\t\t\n\t\t\t\t\n\t\t\t\t\n\t\t\t\t\n\t\t\t\t\n\t\t\t\t\n\t\t\t\t\n\t\t\t\t\n\t\t\t\t\t\t\t\t\t<a rel=\"noopener noreferrer nofollow\" href=\"https:\/\/telegram.me\/share\/url?url=https:\/\/inegolpapel.com\/?page_id=4400\" target=\"_blank\" class=\" wd-social-icon social-tg\" aria-label=\"Telegram social link\">\n\t\t\t\t\t\t<span class=\"wd-icon\"><\/span>\n\t\t\t\t\t\t\t\t\t\t\t<\/a>\n\t\t\t\t\n\t\t\t\t\n\t\t\t<\/div>\n\n\t\t\t\t\t\t<\/div>\n\t\t\t\t<\/div>\n\t\t\t\t<\/div>\n\t\t\t\t<\/div>\n\t\t\t\t\t<\/div>\n\t\t\t\t<\/div>\n\t\t\t\t<\/div>\n\t\t","protected":false},"excerpt":{"rendered":"<p>OCCA Mobilya d\u00fcnyas\u0131nda zarafeti, konforu ve kaliteyi bir araya getirmek amac\u0131yla kurulmu\u015ftur. Vizyonumuz Mobilya sekt\u00f6r\u00fcnde tasar\u0131m ve kaliteyi bir arada<\/p>\n","protected":false},"author":1,"featured_media":0,"parent":0,"menu_order":0,"comment_status":"closed","ping_status":"closed","template":"","meta":{"footnotes":""},"class_list":["post-4400","page","type-page","status-publish","hentry"],"_links":{"self":[{"href":"https:\/\/inegolpapel.com\/index.php?rest_route=\/wp\/v2\/pages\/4400","targetHints":{"allow":["GET"]}}],"collection":[{"href":"https:\/\/inegolpapel.com\/index.php?rest_route=\/wp\/v2\/pages"}],"about":[{"href":"https:\/\/inegolpapel.com\/index.php?rest_route=\/wp\/v2\/types\/page"}],"author":[{"embeddable":true,"href":"https:\/\/inegolpapel.com\/index.php?rest_route=\/wp\/v2\/users\/1"}],"replies":[{"embeddable":true,"href":"https:\/\/inegolpapel.com\/index.php?rest_route=%2Fwp%2Fv2%2Fcomments&post=4400"}],"version-history":[{"count":12,"href":"https:\/\/inegolpapel.com\/index.php?rest_route=\/wp\/v2\/pages\/4400\/revisions"}],"predecessor-version":[{"id":29741,"href":"https:\/\/inegolpapel.com\/index.php?rest_route=\/wp\/v2\/pages\/4400\/revisions\/29741"}],"wp:attachment":[{"href":"https:\/\/inegolpapel.com\/index.php?rest_route=%2Fwp%2Fv2%2Fmedia&parent=4400"}],"curies":[{"name":"wp","href":"https:\/\/api.w.org\/{rel}","templated":true}]}}