{"id":29266,"date":"2025-10-24T12:20:33","date_gmt":"2025-10-24T12:20:33","guid":{"rendered":"https:\/\/inegolpapel.com\/new\/?post_type=product&#038;p=29266"},"modified":"2025-11-06T13:02:20","modified_gmt":"2025-11-06T13:02:20","slug":"armani","status":"publish","type":"product","link":"https:\/\/inegolpapel.com\/?product=armani","title":{"rendered":"ARMAN\u0130"},"content":{"rendered":"\t\t<div data-elementor-type=\"wp-post\" data-elementor-id=\"29266\" class=\"elementor elementor-29266\">\n\t\t\t\t<div class=\"wd-negative-gap elementor-element elementor-element-53eea44 e-flex e-con-boxed e-con e-parent\" data-id=\"53eea44\" data-element_type=\"container\" data-e-type=\"container\">\n\t\t\t\t\t<div class=\"e-con-inner\">\n\t\t<div class=\"elementor-element elementor-element-cc8e042 e-con-full e-flex e-con e-child\" data-id=\"cc8e042\" data-element_type=\"container\" data-e-type=\"container\">\n\t\t\t\t<div class=\"elementor-element elementor-element-4a8a87a elementor-widget elementor-widget-wd_text_block\" data-id=\"4a8a87a\" data-element_type=\"widget\" data-e-type=\"widget\" data-widget_type=\"wd_text_block.default\">\n\t\t\t\t<div class=\"elementor-widget-container\">\n\t\t\t\t\t\t\t<div class=\"wd-text-block reset-last-child text-left\">\n\t\t\t\n\t\t\t<h3>ARMAN\u0130<\/h3><ul class=\"unordered-list\"><li>Mek\u00e2n\u0131n\u0131za s\u0131cakl\u0131k katacak do\u011fal \u015f\u0131kl\u0131k<\/li><li>Uzun oturumlarda bile maksimum rahatl\u0131k<\/li><li>Yemek alanlar\u0131na s\u0131cak bir karakter kazand\u0131r\u0131n<\/li><li>Her detay\u0131nda el i\u015f\u00e7ili\u011finin izleri<\/li><li>Do\u011fadan ilham alan \u015f\u0131k tasar\u0131m<\/li><li>Rahatl\u0131k, estetik ve do\u011fall\u0131k tek formda<\/li><\/ul>\n\t\t\t\t\t<\/div>\n\t\t\t\t\t\t<\/div>\n\t\t\t\t<\/div>\n\t\t\t\t<\/div>\n\t\t<div class=\"elementor-element elementor-element-2136194 e-con-full e-flex e-con e-child\" data-id=\"2136194\" data-element_type=\"container\" data-e-type=\"container\">\n\t\t\t\t<div class=\"elementor-element elementor-element-e17d3f0 elementor-widget elementor-widget-wd_image_or_svg\" data-id=\"e17d3f0\" data-element_type=\"widget\" data-e-type=\"widget\" data-widget_type=\"wd_image_or_svg.default\">\n\t\t\t\t<div class=\"elementor-widget-container\">\n\t\t\t\t\t\n\t\t<div class=\"wd-image text-left\">\n\t\t\t\t\t\t\t\t<img loading=\"lazy\" decoding=\"async\" width=\"1692\" height=\"1406\" src=\"https:\/\/inegolpapel.com\/wp-content\/uploads\/2025\/10\/5.jpg\" class=\"attachment-full size-full\" alt=\"\" srcset=\"https:\/\/inegolpapel.com\/wp-content\/uploads\/2025\/10\/5.jpg 1692w, https:\/\/inegolpapel.com\/wp-content\/uploads\/2025\/10\/5-361x300.jpg 361w, https:\/\/inegolpapel.com\/wp-content\/uploads\/2025\/10\/5-963x800.jpg 963w, https:\/\/inegolpapel.com\/wp-content\/uploads\/2025\/10\/5-768x638.jpg 768w, https:\/\/inegolpapel.com\/wp-content\/uploads\/2025\/10\/5-1536x1276.jpg 1536w, https:\/\/inegolpapel.com\/wp-content\/uploads\/2025\/10\/5-430x357.jpg 430w, https:\/\/inegolpapel.com\/wp-content\/uploads\/2025\/10\/5-700x582.jpg 700w, https:\/\/inegolpapel.com\/wp-content\/uploads\/2025\/10\/5-150x125.jpg 150w\" sizes=\"auto, (max-width: 1692px) 100vw, 1692px\" \/>\t\t\t\t\t<\/div>\n\n\t\t\t\t\t\t<\/div>\n\t\t\t\t<\/div>\n\t\t\t\t<\/div>\n\t\t<div class=\"elementor-element elementor-element-738f371 e-con-full e-flex e-con e-child\" data-id=\"738f371\" data-element_type=\"container\" data-e-type=\"container\">\n\t\t\t\t<div class=\"elementor-element elementor-element-5586eab elementor-widget elementor-widget-wd_image_or_svg\" data-id=\"5586eab\" data-element_type=\"widget\" data-e-type=\"widget\" data-widget_type=\"wd_image_or_svg.default\">\n\t\t\t\t<div class=\"elementor-widget-container\">\n\t\t\t\t\t\n\t\t<div class=\"wd-image text-left\">\n\t\t\t\t\t\t\t\t<img loading=\"lazy\" decoding=\"async\" width=\"1733\" height=\"1376\" src=\"https:\/\/inegolpapel.com\/wp-content\/uploads\/2025\/10\/4.jpg\" class=\"attachment-full size-full\" alt=\"\" srcset=\"https:\/\/inegolpapel.com\/wp-content\/uploads\/2025\/10\/4.jpg 1733w, https:\/\/inegolpapel.com\/wp-content\/uploads\/2025\/10\/4-378x300.jpg 378w, https:\/\/inegolpapel.com\/wp-content\/uploads\/2025\/10\/4-1008x800.jpg 1008w, https:\/\/inegolpapel.com\/wp-content\/uploads\/2025\/10\/4-768x610.jpg 768w, https:\/\/inegolpapel.com\/wp-content\/uploads\/2025\/10\/4-1536x1220.jpg 1536w, https:\/\/inegolpapel.com\/wp-content\/uploads\/2025\/10\/4-430x341.jpg 430w, https:\/\/inegolpapel.com\/wp-content\/uploads\/2025\/10\/4-700x556.jpg 700w, https:\/\/inegolpapel.com\/wp-content\/uploads\/2025\/10\/4-150x119.jpg 150w\" sizes=\"auto, (max-width: 1733px) 100vw, 1733px\" \/>\t\t\t\t\t<\/div>\n\n\t\t\t\t\t\t<\/div>\n\t\t\t\t<\/div>\n\t\t\t\t<\/div>\n\t\t\t\t\t<\/div>\n\t\t\t\t<\/div>\n\t\t\t\t<\/div>\n\t\t","protected":false},"excerpt":{"rendered":"<p>Armani sandalye, zarif ve modern tasar\u0131m\u0131yla ya\u015fam alanlar\u0131n\u0131za sofistike bir dokunu\u015f katar. Dayan\u0131kl\u0131 ah\u015fap ayaklar\u0131 ve \u00f6zenle se\u00e7ilmi\u015f d\u00f6\u015femesi, konfor ve esteti\u011fi bir araya getirir. Ev, ofis veya sosyal alanlarda g\u00fcvenle tercih edilebilecek zamans\u0131z bir tasar\u0131md\u0131r.<\/p>\n","protected":false},"featured_media":29285,"comment_status":"closed","ping_status":"closed","template":"","meta":[],"product_brand":[129],"product_cat":[132],"product_tag":[],"class_list":{"0":"post-29266","1":"product","2":"type-product","3":"status-publish","4":"has-post-thumbnail","6":"product_brand-occa","7":"product_cat-sandalye","9":"first","10":"instock","11":"shipping-taxable","12":"product-type-simple"},"_links":{"self":[{"href":"https:\/\/inegolpapel.com\/index.php?rest_route=\/wp\/v2\/product\/29266","targetHints":{"allow":["GET"]}}],"collection":[{"href":"https:\/\/inegolpapel.com\/index.php?rest_route=\/wp\/v2\/product"}],"about":[{"href":"https:\/\/inegolpapel.com\/index.php?rest_route=\/wp\/v2\/types\/product"}],"replies":[{"embeddable":true,"href":"https:\/\/inegolpapel.com\/index.php?rest_route=%2Fwp%2Fv2%2Fcomments&post=29266"}],"version-history":[{"count":4,"href":"https:\/\/inegolpapel.com\/index.php?rest_route=\/wp\/v2\/product\/29266\/revisions"}],"predecessor-version":[{"id":29575,"href":"https:\/\/inegolpapel.com\/index.php?rest_route=\/wp\/v2\/product\/29266\/revisions\/29575"}],"wp:featuredmedia":[{"embeddable":true,"href":"https:\/\/inegolpapel.com\/index.php?rest_route=\/wp\/v2\/media\/29285"}],"wp:attachment":[{"href":"https:\/\/inegolpapel.com\/index.php?rest_route=%2Fwp%2Fv2%2Fmedia&parent=29266"}],"wp:term":[{"taxonomy":"product_brand","embeddable":true,"href":"https:\/\/inegolpapel.com\/index.php?rest_route=%2Fwp%2Fv2%2Fproduct_brand&post=29266"},{"taxonomy":"product_cat","embeddable":true,"href":"https:\/\/inegolpapel.com\/index.php?rest_route=%2Fwp%2Fv2%2Fproduct_cat&post=29266"},{"taxonomy":"product_tag","embeddable":true,"href":"https:\/\/inegolpapel.com\/index.php?rest_route=%2Fwp%2Fv2%2Fproduct_tag&post=29266"}],"curies":[{"name":"wp","href":"https:\/\/api.w.org\/{rel}","templated":true}]}}