{"id":29292,"date":"2025-10-24T13:18:30","date_gmt":"2025-10-24T13:18:30","guid":{"rendered":"https:\/\/inegolpapel.com\/new\/?post_type=product&#038;p=29292"},"modified":"2025-11-06T13:02:09","modified_gmt":"2025-11-06T13:02:09","slug":"arte","status":"publish","type":"product","link":"https:\/\/inegolpapel.com\/?product=arte","title":{"rendered":"BERL\u0130N"},"content":{"rendered":"\t\t<div data-elementor-type=\"wp-post\" data-elementor-id=\"29292\" class=\"elementor elementor-29292\">\n\t\t\t\t<div class=\"wd-negative-gap elementor-element elementor-element-53eea44 e-flex e-con-boxed e-con e-parent\" data-id=\"53eea44\" data-element_type=\"container\" data-e-type=\"container\">\n\t\t\t\t\t<div class=\"e-con-inner\">\n\t\t<div class=\"elementor-element elementor-element-cc8e042 e-con-full e-flex e-con e-child\" data-id=\"cc8e042\" data-element_type=\"container\" data-e-type=\"container\">\n\t\t\t\t<div class=\"elementor-element elementor-element-4a8a87a elementor-widget elementor-widget-wd_text_block\" data-id=\"4a8a87a\" data-element_type=\"widget\" data-e-type=\"widget\" data-widget_type=\"wd_text_block.default\">\n\t\t\t\t<div class=\"elementor-widget-container\">\n\t\t\t\t\t\t\t<div class=\"wd-text-block reset-last-child text-left\">\n\t\t\t\n\t\t\t<h3>BERL\u0130N<\/h3><ul class=\"unordered-list\"><li>Mek\u00e2n\u0131n\u0131za s\u0131cakl\u0131k katacak do\u011fal \u015f\u0131kl\u0131k<\/li><li>Uzun oturumlarda bile maksimum rahatl\u0131k<\/li><li>Yemek alanlar\u0131na s\u0131cak bir karakter kazand\u0131r\u0131n<\/li><li>Her detay\u0131nda el i\u015f\u00e7ili\u011finin izleri<\/li><li>Do\u011fadan ilham alan \u015f\u0131k tasar\u0131m<\/li><li>Rahatl\u0131k, estetik ve do\u011fall\u0131k tek formda<\/li><\/ul>\n\t\t\t\t\t<\/div>\n\t\t\t\t\t\t<\/div>\n\t\t\t\t<\/div>\n\t\t\t\t<\/div>\n\t\t<div class=\"elementor-element elementor-element-2136194 e-con-full e-flex e-con e-child\" data-id=\"2136194\" data-element_type=\"container\" data-e-type=\"container\">\n\t\t\t\t<div class=\"elementor-element elementor-element-e17d3f0 elementor-widget elementor-widget-wd_image_or_svg\" data-id=\"e17d3f0\" data-element_type=\"widget\" data-e-type=\"widget\" data-widget_type=\"wd_image_or_svg.default\">\n\t\t\t\t<div class=\"elementor-widget-container\">\n\t\t\t\t\t\n\t\t<div class=\"wd-image text-left\">\n\t\t\t\t\t\t\t\t<img loading=\"lazy\" decoding=\"async\" width=\"1479\" height=\"1330\" src=\"https:\/\/inegolpapel.com\/wp-content\/uploads\/2025\/10\/6-2.jpg\" class=\"attachment-full size-full\" alt=\"\" srcset=\"https:\/\/inegolpapel.com\/wp-content\/uploads\/2025\/10\/6-2.jpg 1479w, https:\/\/inegolpapel.com\/wp-content\/uploads\/2025\/10\/6-2-334x300.jpg 334w, https:\/\/inegolpapel.com\/wp-content\/uploads\/2025\/10\/6-2-890x800.jpg 890w, https:\/\/inegolpapel.com\/wp-content\/uploads\/2025\/10\/6-2-768x691.jpg 768w, https:\/\/inegolpapel.com\/wp-content\/uploads\/2025\/10\/6-2-430x387.jpg 430w, https:\/\/inegolpapel.com\/wp-content\/uploads\/2025\/10\/6-2-700x629.jpg 700w, https:\/\/inegolpapel.com\/wp-content\/uploads\/2025\/10\/6-2-150x135.jpg 150w\" sizes=\"auto, (max-width: 1479px) 100vw, 1479px\" \/>\t\t\t\t\t<\/div>\n\n\t\t\t\t\t\t<\/div>\n\t\t\t\t<\/div>\n\t\t\t\t<\/div>\n\t\t<div class=\"elementor-element elementor-element-738f371 e-con-full e-flex e-con e-child\" data-id=\"738f371\" data-element_type=\"container\" data-e-type=\"container\">\n\t\t\t\t<div class=\"elementor-element elementor-element-5586eab elementor-widget elementor-widget-wd_image_or_svg\" data-id=\"5586eab\" data-element_type=\"widget\" data-e-type=\"widget\" data-widget_type=\"wd_image_or_svg.default\">\n\t\t\t\t<div class=\"elementor-widget-container\">\n\t\t\t\t\t\n\t\t<div class=\"wd-image text-left\">\n\t\t\t\t\t\t\t\t<img loading=\"lazy\" decoding=\"async\" width=\"1479\" height=\"1330\" src=\"https:\/\/inegolpapel.com\/wp-content\/uploads\/2025\/10\/2-3.jpg\" class=\"attachment-full size-full\" alt=\"\" srcset=\"https:\/\/inegolpapel.com\/wp-content\/uploads\/2025\/10\/2-3.jpg 1479w, https:\/\/inegolpapel.com\/wp-content\/uploads\/2025\/10\/2-3-334x300.jpg 334w, https:\/\/inegolpapel.com\/wp-content\/uploads\/2025\/10\/2-3-890x800.jpg 890w, https:\/\/inegolpapel.com\/wp-content\/uploads\/2025\/10\/2-3-768x691.jpg 768w, https:\/\/inegolpapel.com\/wp-content\/uploads\/2025\/10\/2-3-430x387.jpg 430w, https:\/\/inegolpapel.com\/wp-content\/uploads\/2025\/10\/2-3-700x629.jpg 700w, https:\/\/inegolpapel.com\/wp-content\/uploads\/2025\/10\/2-3-150x135.jpg 150w\" sizes=\"auto, (max-width: 1479px) 100vw, 1479px\" \/>\t\t\t\t\t<\/div>\n\n\t\t\t\t\t\t<\/div>\n\t\t\t\t<\/div>\n\t\t\t\t<\/div>\n\t\t\t\t\t<\/div>\n\t\t\t\t<\/div>\n\t\t\t\t<\/div>\n\t\t","protected":false},"excerpt":{"rendered":"<p>Berlin sandalye, modern \u00e7izgisi ve g\u00fc\u00e7l\u00fc formuyla mek\u00e2nlara karakter katar. Sa\u011flam yap\u0131s\u0131 ve \u00f6zenli d\u00f6\u015femesiyle konforu uzun \u00f6m\u00fcrl\u00fc bir \u015f\u0131kl\u0131\u011fa d\u00f6n\u00fc\u015ft\u00fcr\u00fcr. Zarif detaylar\u0131yla ev, ofis ve sosyal alanlarda \u00e7a\u011fda\u015f bir atmosfer yarat\u0131r.<\/p>\n","protected":false},"featured_media":29299,"comment_status":"closed","ping_status":"closed","template":"","meta":[],"product_brand":[129],"product_cat":[132],"product_tag":[],"class_list":{"0":"post-29292","1":"product","2":"type-product","3":"status-publish","4":"has-post-thumbnail","6":"product_brand-occa","7":"product_cat-sandalye","9":"first","10":"instock","11":"shipping-taxable","12":"product-type-simple"},"_links":{"self":[{"href":"https:\/\/inegolpapel.com\/index.php?rest_route=\/wp\/v2\/product\/29292","targetHints":{"allow":["GET"]}}],"collection":[{"href":"https:\/\/inegolpapel.com\/index.php?rest_route=\/wp\/v2\/product"}],"about":[{"href":"https:\/\/inegolpapel.com\/index.php?rest_route=\/wp\/v2\/types\/product"}],"replies":[{"embeddable":true,"href":"https:\/\/inegolpapel.com\/index.php?rest_route=%2Fwp%2Fv2%2Fcomments&post=29292"}],"version-history":[{"count":5,"href":"https:\/\/inegolpapel.com\/index.php?rest_route=\/wp\/v2\/product\/29292\/revisions"}],"predecessor-version":[{"id":29572,"href":"https:\/\/inegolpapel.com\/index.php?rest_route=\/wp\/v2\/product\/29292\/revisions\/29572"}],"wp:featuredmedia":[{"embeddable":true,"href":"https:\/\/inegolpapel.com\/index.php?rest_route=\/wp\/v2\/media\/29299"}],"wp:attachment":[{"href":"https:\/\/inegolpapel.com\/index.php?rest_route=%2Fwp%2Fv2%2Fmedia&parent=29292"}],"wp:term":[{"taxonomy":"product_brand","embeddable":true,"href":"https:\/\/inegolpapel.com\/index.php?rest_route=%2Fwp%2Fv2%2Fproduct_brand&post=29292"},{"taxonomy":"product_cat","embeddable":true,"href":"https:\/\/inegolpapel.com\/index.php?rest_route=%2Fwp%2Fv2%2Fproduct_cat&post=29292"},{"taxonomy":"product_tag","embeddable":true,"href":"https:\/\/inegolpapel.com\/index.php?rest_route=%2Fwp%2Fv2%2Fproduct_tag&post=29292"}],"curies":[{"name":"wp","href":"https:\/\/api.w.org\/{rel}","templated":true}]}}