{"id":29465,"date":"2025-10-24T14:12:16","date_gmt":"2025-10-24T14:12:16","guid":{"rendered":"https:\/\/inegolpapel.com\/new\/?post_type=product&#038;p=29465"},"modified":"2025-11-06T12:59:39","modified_gmt":"2025-11-06T12:59:39","slug":"velar-kollu","status":"publish","type":"product","link":"https:\/\/inegolpapel.com\/?product=velar-kollu","title":{"rendered":"VERONA KOLLU"},"content":{"rendered":"\t\t<div data-elementor-type=\"wp-post\" data-elementor-id=\"29465\" class=\"elementor elementor-29465\">\n\t\t\t\t<div class=\"wd-negative-gap elementor-element elementor-element-53eea44 e-flex e-con-boxed e-con e-parent\" data-id=\"53eea44\" data-element_type=\"container\" data-e-type=\"container\">\n\t\t\t\t\t<div class=\"e-con-inner\">\n\t\t<div class=\"elementor-element elementor-element-cc8e042 e-con-full e-flex e-con e-child\" data-id=\"cc8e042\" data-element_type=\"container\" data-e-type=\"container\">\n\t\t\t\t<div class=\"elementor-element elementor-element-4a8a87a elementor-widget elementor-widget-wd_text_block\" data-id=\"4a8a87a\" data-element_type=\"widget\" data-e-type=\"widget\" data-widget_type=\"wd_text_block.default\">\n\t\t\t\t<div class=\"elementor-widget-container\">\n\t\t\t\t\t\t\t<div class=\"wd-text-block reset-last-child text-left\">\n\t\t\t\n\t\t\t<h3>VERONA KOLLU<\/h3><ul class=\"unordered-list\"><li>Mek\u00e2n\u0131n\u0131za s\u0131cakl\u0131k katacak do\u011fal \u015f\u0131kl\u0131k<\/li><li>Uzun oturumlarda bile maksimum rahatl\u0131k<\/li><li>Yemek alanlar\u0131na s\u0131cak bir karakter kazand\u0131r\u0131n<\/li><li>Her detay\u0131nda el i\u015f\u00e7ili\u011finin izleri<\/li><li>Do\u011fadan ilham alan \u015f\u0131k tasar\u0131m<\/li><li>Rahatl\u0131k, estetik ve do\u011fall\u0131k tek formda<\/li><\/ul>\n\t\t\t\t\t<\/div>\n\t\t\t\t\t\t<\/div>\n\t\t\t\t<\/div>\n\t\t\t\t<\/div>\n\t\t<div class=\"elementor-element elementor-element-2136194 e-con-full e-flex e-con e-child\" data-id=\"2136194\" data-element_type=\"container\" data-e-type=\"container\">\n\t\t\t\t<div class=\"elementor-element elementor-element-e17d3f0 elementor-widget elementor-widget-wd_image_or_svg\" data-id=\"e17d3f0\" data-element_type=\"widget\" data-e-type=\"widget\" data-widget_type=\"wd_image_or_svg.default\">\n\t\t\t\t<div class=\"elementor-widget-container\">\n\t\t\t\t\t\n\t\t<div class=\"wd-image text-left\">\n\t\t\t\t\t\t\t\t<img loading=\"lazy\" decoding=\"async\" width=\"1479\" height=\"1330\" src=\"https:\/\/inegolpapel.com\/wp-content\/uploads\/2025\/10\/5-19.jpg\" class=\"attachment-full size-full\" alt=\"\" srcset=\"https:\/\/inegolpapel.com\/wp-content\/uploads\/2025\/10\/5-19.jpg 1479w, https:\/\/inegolpapel.com\/wp-content\/uploads\/2025\/10\/5-19-334x300.jpg 334w, https:\/\/inegolpapel.com\/wp-content\/uploads\/2025\/10\/5-19-890x800.jpg 890w, https:\/\/inegolpapel.com\/wp-content\/uploads\/2025\/10\/5-19-768x691.jpg 768w, https:\/\/inegolpapel.com\/wp-content\/uploads\/2025\/10\/5-19-430x387.jpg 430w, https:\/\/inegolpapel.com\/wp-content\/uploads\/2025\/10\/5-19-700x629.jpg 700w, https:\/\/inegolpapel.com\/wp-content\/uploads\/2025\/10\/5-19-150x135.jpg 150w\" sizes=\"auto, (max-width: 1479px) 100vw, 1479px\" \/>\t\t\t\t\t<\/div>\n\n\t\t\t\t\t\t<\/div>\n\t\t\t\t<\/div>\n\t\t\t\t<\/div>\n\t\t<div class=\"elementor-element elementor-element-738f371 e-con-full e-flex e-con e-child\" data-id=\"738f371\" data-element_type=\"container\" data-e-type=\"container\">\n\t\t\t\t<div class=\"elementor-element elementor-element-5586eab elementor-widget elementor-widget-wd_image_or_svg\" data-id=\"5586eab\" data-element_type=\"widget\" data-e-type=\"widget\" data-widget_type=\"wd_image_or_svg.default\">\n\t\t\t\t<div class=\"elementor-widget-container\">\n\t\t\t\t\t\n\t\t<div class=\"wd-image text-left\">\n\t\t\t\t\t\t\t\t<img loading=\"lazy\" decoding=\"async\" width=\"1479\" height=\"1330\" src=\"https:\/\/inegolpapel.com\/wp-content\/uploads\/2025\/10\/3-23.jpg\" class=\"attachment-full size-full\" alt=\"\" srcset=\"https:\/\/inegolpapel.com\/wp-content\/uploads\/2025\/10\/3-23.jpg 1479w, https:\/\/inegolpapel.com\/wp-content\/uploads\/2025\/10\/3-23-334x300.jpg 334w, https:\/\/inegolpapel.com\/wp-content\/uploads\/2025\/10\/3-23-890x800.jpg 890w, https:\/\/inegolpapel.com\/wp-content\/uploads\/2025\/10\/3-23-768x691.jpg 768w, https:\/\/inegolpapel.com\/wp-content\/uploads\/2025\/10\/3-23-430x387.jpg 430w, https:\/\/inegolpapel.com\/wp-content\/uploads\/2025\/10\/3-23-700x629.jpg 700w, https:\/\/inegolpapel.com\/wp-content\/uploads\/2025\/10\/3-23-150x135.jpg 150w\" sizes=\"auto, (max-width: 1479px) 100vw, 1479px\" \/>\t\t\t\t\t<\/div>\n\n\t\t\t\t\t\t<\/div>\n\t\t\t\t<\/div>\n\t\t\t\t<\/div>\n\t\t\t\t\t<\/div>\n\t\t\t\t<\/div>\n\t\t\t\t<\/div>\n\t\t","protected":false},"excerpt":{"rendered":"<p>Verona Kollu sandalye, modern tasar\u0131m\u0131 ve ergonomik yap\u0131s\u0131yla mekanlara \u015f\u0131kl\u0131k ve konfor kazand\u0131r\u0131r. Konforlu kol destekleri ve \u00f6zenle tasarlanm\u0131\u015f oturum yap\u0131s\u0131 ile estetik ve uzun \u00f6m\u00fcrl\u00fc kullan\u0131m sunar. Ev ve ticari alanlarda g\u00fcvenle tercih edilebilecek zamans\u0131z bir modeldir.<\/p>\n","protected":false},"featured_media":29467,"comment_status":"closed","ping_status":"closed","template":"","meta":[],"product_brand":[129],"product_cat":[132],"product_tag":[],"class_list":{"0":"post-29465","1":"product","2":"type-product","3":"status-publish","4":"has-post-thumbnail","6":"product_brand-occa","7":"product_cat-sandalye","9":"first","10":"instock","11":"shipping-taxable","12":"product-type-simple"},"_links":{"self":[{"href":"https:\/\/inegolpapel.com\/index.php?rest_route=\/wp\/v2\/product\/29465","targetHints":{"allow":["GET"]}}],"collection":[{"href":"https:\/\/inegolpapel.com\/index.php?rest_route=\/wp\/v2\/product"}],"about":[{"href":"https:\/\/inegolpapel.com\/index.php?rest_route=\/wp\/v2\/types\/product"}],"replies":[{"embeddable":true,"href":"https:\/\/inegolpapel.com\/index.php?rest_route=%2Fwp%2Fv2%2Fcomments&post=29465"}],"version-history":[{"count":8,"href":"https:\/\/inegolpapel.com\/index.php?rest_route=\/wp\/v2\/product\/29465\/revisions"}],"predecessor-version":[{"id":29496,"href":"https:\/\/inegolpapel.com\/index.php?rest_route=\/wp\/v2\/product\/29465\/revisions\/29496"}],"wp:featuredmedia":[{"embeddable":true,"href":"https:\/\/inegolpapel.com\/index.php?rest_route=\/wp\/v2\/media\/29467"}],"wp:attachment":[{"href":"https:\/\/inegolpapel.com\/index.php?rest_route=%2Fwp%2Fv2%2Fmedia&parent=29465"}],"wp:term":[{"taxonomy":"product_brand","embeddable":true,"href":"https:\/\/inegolpapel.com\/index.php?rest_route=%2Fwp%2Fv2%2Fproduct_brand&post=29465"},{"taxonomy":"product_cat","embeddable":true,"href":"https:\/\/inegolpapel.com\/index.php?rest_route=%2Fwp%2Fv2%2Fproduct_cat&post=29465"},{"taxonomy":"product_tag","embeddable":true,"href":"https:\/\/inegolpapel.com\/index.php?rest_route=%2Fwp%2Fv2%2Fproduct_tag&post=29465"}],"curies":[{"name":"wp","href":"https:\/\/api.w.org\/{rel}","templated":true}]}}