{"id":29939,"date":"2026-03-16T08:55:07","date_gmt":"2026-03-16T08:55:07","guid":{"rendered":"https:\/\/inegolpapel.com\/?post_type=product&#038;p=29939"},"modified":"2026-03-16T09:00:01","modified_gmt":"2026-03-16T09:00:01","slug":"angel-bar-2","status":"publish","type":"product","link":"https:\/\/inegolpapel.com\/?product=angel-bar-2","title":{"rendered":"Angel Bar"},"content":{"rendered":"\t\t<div data-elementor-type=\"wp-post\" data-elementor-id=\"29939\" class=\"elementor elementor-29939\">\n\t\t\t\t<div class=\"elementor-element elementor-element-53eea44 e-con-full e-flex e-con e-parent\" data-id=\"53eea44\" data-element_type=\"container\" data-e-type=\"container\">\n\t\t<div class=\"elementor-element elementor-element-cc8e042 e-con-full e-flex e-con e-child\" data-id=\"cc8e042\" data-element_type=\"container\" data-e-type=\"container\">\n\t\t\t\t<div class=\"elementor-element elementor-element-4a8a87a elementor-widget elementor-widget-wd_text_block\" data-id=\"4a8a87a\" data-element_type=\"widget\" data-e-type=\"widget\" data-widget_type=\"wd_text_block.default\">\n\t\t\t\t<div class=\"elementor-widget-container\">\n\t\t\t\t\t\t\t<div class=\"wd-text-block reset-last-child text-left\">\n\t\t\t\n\t\t\t<ul><li data-start=\"611\" data-end=\"654\"><p data-start=\"613\" data-end=\"654\">Dayan\u0131kl\u0131 ve hafif papel iskelet yap\u0131s\u0131<\/p><\/li><li data-start=\"655\" data-end=\"679\"><p data-start=\"657\" data-end=\"679\">Uzun \u00f6m\u00fcrl\u00fc kullan\u0131m<\/p><\/li><li data-start=\"680\" data-end=\"716\"><p data-start=\"682\" data-end=\"716\">Modern ve sade tasar\u0131m \u00e7izgileri<\/p><\/li><li data-start=\"717\" data-end=\"785\"><p data-start=\"719\" data-end=\"785\">Farkl\u0131 d\u00f6\u015feme kuma\u015f ve renk se\u00e7enekleriyle ki\u015fiselle\u015ftirilebilir<\/p><\/li><li data-start=\"786\" data-end=\"846\"><p data-start=\"788\" data-end=\"846\">Ev, ofis veya kafe gibi farkl\u0131 kullan\u0131m alanlar\u0131na uygun<\/p><\/li><\/ul>\n\t\t\t\t\t<\/div>\n\t\t\t\t\t\t<\/div>\n\t\t\t\t<\/div>\n\t\t\t\t<\/div>\n\t\t<div class=\"elementor-element elementor-element-2136194 e-con-full e-flex e-con e-child\" data-id=\"2136194\" data-element_type=\"container\" data-e-type=\"container\">\n\t\t\t\t<div class=\"elementor-element elementor-element-e17d3f0 elementor-widget elementor-widget-wd_image_or_svg\" data-id=\"e17d3f0\" data-element_type=\"widget\" data-e-type=\"widget\" data-widget_type=\"wd_image_or_svg.default\">\n\t\t\t\t<div class=\"elementor-widget-container\">\n\t\t\t\t\t\n\t\t<div class=\"wd-image text-left\">\n\t\t\t\t\t\t\t\t<img loading=\"lazy\" decoding=\"async\" width=\"1479\" height=\"1330\" src=\"https:\/\/inegolpapel.com\/wp-content\/uploads\/2026\/03\/DSC9263.jpg\" class=\"attachment-full size-full\" alt=\"\" srcset=\"https:\/\/inegolpapel.com\/wp-content\/uploads\/2026\/03\/DSC9263.jpg 1479w, https:\/\/inegolpapel.com\/wp-content\/uploads\/2026\/03\/DSC9263-334x300.jpg 334w, https:\/\/inegolpapel.com\/wp-content\/uploads\/2026\/03\/DSC9263-890x800.jpg 890w, https:\/\/inegolpapel.com\/wp-content\/uploads\/2026\/03\/DSC9263-768x691.jpg 768w, https:\/\/inegolpapel.com\/wp-content\/uploads\/2026\/03\/DSC9263-430x387.jpg 430w, https:\/\/inegolpapel.com\/wp-content\/uploads\/2026\/03\/DSC9263-700x629.jpg 700w, https:\/\/inegolpapel.com\/wp-content\/uploads\/2026\/03\/DSC9263-150x135.jpg 150w\" sizes=\"auto, (max-width: 1479px) 100vw, 1479px\" \/>\t\t\t\t\t<\/div>\n\n\t\t\t\t\t\t<\/div>\n\t\t\t\t<\/div>\n\t\t\t\t<\/div>\n\t\t<div class=\"elementor-element elementor-element-738f371 e-con-full e-flex e-con e-child\" data-id=\"738f371\" data-element_type=\"container\" data-e-type=\"container\">\n\t\t\t\t<div class=\"elementor-element elementor-element-5586eab elementor-widget elementor-widget-wd_image_or_svg\" data-id=\"5586eab\" data-element_type=\"widget\" data-e-type=\"widget\" data-widget_type=\"wd_image_or_svg.default\">\n\t\t\t\t<div class=\"elementor-widget-container\">\n\t\t\t\t\t\n\t\t<div class=\"wd-image text-left\">\n\t\t\t\t\t\t\t\t<img loading=\"lazy\" decoding=\"async\" width=\"1479\" height=\"1330\" src=\"https:\/\/inegolpapel.com\/wp-content\/uploads\/2026\/03\/DSC9261.jpg\" class=\"attachment-full size-full\" alt=\"\" srcset=\"https:\/\/inegolpapel.com\/wp-content\/uploads\/2026\/03\/DSC9261.jpg 1479w, https:\/\/inegolpapel.com\/wp-content\/uploads\/2026\/03\/DSC9261-334x300.jpg 334w, https:\/\/inegolpapel.com\/wp-content\/uploads\/2026\/03\/DSC9261-890x800.jpg 890w, https:\/\/inegolpapel.com\/wp-content\/uploads\/2026\/03\/DSC9261-768x691.jpg 768w, https:\/\/inegolpapel.com\/wp-content\/uploads\/2026\/03\/DSC9261-430x387.jpg 430w, https:\/\/inegolpapel.com\/wp-content\/uploads\/2026\/03\/DSC9261-700x629.jpg 700w, https:\/\/inegolpapel.com\/wp-content\/uploads\/2026\/03\/DSC9261-150x135.jpg 150w\" sizes=\"auto, (max-width: 1479px) 100vw, 1479px\" \/>\t\t\t\t\t<\/div>\n\n\t\t\t\t\t\t<\/div>\n\t\t\t\t<\/div>\n\t\t\t\t<\/div>\n\t\t\t\t<\/div>\n\t\t\t\t<\/div>\n\t\t","protected":false},"excerpt":{"rendered":"<h1 class=\"product_title entry-title wd-entities-title\">Angel Bar<\/h1>\n<div class=\"woocommerce-product-details__short-description\">\n<p data-start=\"157\" data-end=\"361\">Angel Bar Sandalyesi, zarif tasar\u0131m\u0131 ve modern \u00e7izgileriyle bar alanlar\u0131na estetik ve prestijli bir g\u00f6r\u00fcn\u00fcm kazand\u0131r\u0131r. \u0130nce detaylarla \u015fekillenen formu sayesinde mek\u00e2nlara hafif ve \u015f\u0131k bir dokunu\u015f katar.<\/p>\n<p data-start=\"363\" data-end=\"609\">Ergonomik s\u0131rt yap\u0131s\u0131 ve konforlu oturum alan\u0131 uzun s\u00fcreli kullan\u0131mlarda rahatl\u0131k sunarken, sa\u011flam iskelet yap\u0131s\u0131 dayan\u0131kl\u0131 ve g\u00fcvenli bir kullan\u0131m sa\u011flar. Mutfak adalar\u0131ndan kafe ve restoran projelerine kadar geni\u015f bir kullan\u0131m alan\u0131na sahiptir.<\/p>\n<p data-start=\"611\" data-end=\"727\">Modern tasar\u0131m\u0131 ve zarif duru\u015fuyla Angel Bar Sandalyesi, bulundu\u011fu her mek\u00e2nda dikkat \u00e7ekici bir atmosfer olu\u015fturur.<\/p>\n<p data-start=\"729\" data-end=\"796\"><strong data-start=\"729\" data-end=\"796\">Angel Bar Sandalyesi ile mek\u00e2nlar\u0131n\u0131za y\u00fcksek bir \u015f\u0131kl\u0131k kat\u0131n.<\/strong><\/p>\n<\/div>\n","protected":false},"featured_media":29941,"comment_status":"closed","ping_status":"closed","template":"","meta":[],"product_brand":[133],"product_cat":[131],"product_tag":[],"class_list":{"0":"post-29939","1":"product","2":"type-product","3":"status-publish","4":"has-post-thumbnail","6":"product_brand-inegol-papel","7":"product_cat-papel","9":"first","10":"instock","11":"shipping-taxable","12":"product-type-simple"},"_links":{"self":[{"href":"https:\/\/inegolpapel.com\/index.php?rest_route=\/wp\/v2\/product\/29939","targetHints":{"allow":["GET"]}}],"collection":[{"href":"https:\/\/inegolpapel.com\/index.php?rest_route=\/wp\/v2\/product"}],"about":[{"href":"https:\/\/inegolpapel.com\/index.php?rest_route=\/wp\/v2\/types\/product"}],"replies":[{"embeddable":true,"href":"https:\/\/inegolpapel.com\/index.php?rest_route=%2Fwp%2Fv2%2Fcomments&post=29939"}],"version-history":[{"count":4,"href":"https:\/\/inegolpapel.com\/index.php?rest_route=\/wp\/v2\/product\/29939\/revisions"}],"predecessor-version":[{"id":29948,"href":"https:\/\/inegolpapel.com\/index.php?rest_route=\/wp\/v2\/product\/29939\/revisions\/29948"}],"wp:featuredmedia":[{"embeddable":true,"href":"https:\/\/inegolpapel.com\/index.php?rest_route=\/wp\/v2\/media\/29941"}],"wp:attachment":[{"href":"https:\/\/inegolpapel.com\/index.php?rest_route=%2Fwp%2Fv2%2Fmedia&parent=29939"}],"wp:term":[{"taxonomy":"product_brand","embeddable":true,"href":"https:\/\/inegolpapel.com\/index.php?rest_route=%2Fwp%2Fv2%2Fproduct_brand&post=29939"},{"taxonomy":"product_cat","embeddable":true,"href":"https:\/\/inegolpapel.com\/index.php?rest_route=%2Fwp%2Fv2%2Fproduct_cat&post=29939"},{"taxonomy":"product_tag","embeddable":true,"href":"https:\/\/inegolpapel.com\/index.php?rest_route=%2Fwp%2Fv2%2Fproduct_tag&post=29939"}],"curies":[{"name":"wp","href":"https:\/\/api.w.org\/{rel}","templated":true}]}}