{"id":29982,"date":"2026-03-16T09:14:01","date_gmt":"2026-03-16T09:14:01","guid":{"rendered":"https:\/\/inegolpapel.com\/?post_type=product&#038;p=29982"},"modified":"2026-03-16T09:18:40","modified_gmt":"2026-03-16T09:18:40","slug":"iksir-3","status":"publish","type":"product","link":"https:\/\/inegolpapel.com\/?product=iksir-3","title":{"rendered":"\u0130ksir"},"content":{"rendered":"\t\t<div data-elementor-type=\"wp-post\" data-elementor-id=\"29982\" class=\"elementor elementor-29982\">\n\t\t\t\t<div class=\"elementor-element elementor-element-53eea44 e-con-full e-flex e-con e-parent\" data-id=\"53eea44\" data-element_type=\"container\" data-e-type=\"container\">\n\t\t<div class=\"elementor-element elementor-element-cc8e042 e-con-full e-flex e-con e-child\" data-id=\"cc8e042\" data-element_type=\"container\" data-e-type=\"container\">\n\t\t\t\t<div class=\"elementor-element elementor-element-4a8a87a elementor-widget elementor-widget-wd_text_block\" data-id=\"4a8a87a\" data-element_type=\"widget\" data-e-type=\"widget\" data-widget_type=\"wd_text_block.default\">\n\t\t\t\t<div class=\"elementor-widget-container\">\n\t\t\t\t\t\t\t<div class=\"wd-text-block reset-last-child text-left\">\n\t\t\t\n\t\t\t<ul><li data-start=\"611\" data-end=\"654\"><p data-start=\"613\" data-end=\"654\">Dayan\u0131kl\u0131 ve hafif papel iskelet yap\u0131s\u0131<\/p><\/li><li data-start=\"655\" data-end=\"679\"><p data-start=\"657\" data-end=\"679\">Uzun \u00f6m\u00fcrl\u00fc kullan\u0131m<\/p><\/li><li data-start=\"680\" data-end=\"716\"><p data-start=\"682\" data-end=\"716\">Modern ve sade tasar\u0131m \u00e7izgileri<\/p><\/li><li data-start=\"717\" data-end=\"785\"><p data-start=\"719\" data-end=\"785\">Farkl\u0131 d\u00f6\u015feme kuma\u015f ve renk se\u00e7enekleriyle ki\u015fiselle\u015ftirilebilir<\/p><\/li><li data-start=\"786\" data-end=\"846\"><p data-start=\"788\" data-end=\"846\">Ev, ofis veya kafe gibi farkl\u0131 kullan\u0131m alanlar\u0131na uygun<\/p><\/li><\/ul>\n\t\t\t\t\t<\/div>\n\t\t\t\t\t\t<\/div>\n\t\t\t\t<\/div>\n\t\t\t\t<\/div>\n\t\t<div class=\"elementor-element elementor-element-2136194 e-con-full e-flex e-con e-child\" data-id=\"2136194\" data-element_type=\"container\" data-e-type=\"container\">\n\t\t\t\t<div class=\"elementor-element elementor-element-e17d3f0 elementor-widget elementor-widget-wd_image_or_svg\" data-id=\"e17d3f0\" data-element_type=\"widget\" data-e-type=\"widget\" data-widget_type=\"wd_image_or_svg.default\">\n\t\t\t\t<div class=\"elementor-widget-container\">\n\t\t\t\t\t\n\t\t<div class=\"wd-image text-left\">\n\t\t\t\t\t\t\t\t<img loading=\"lazy\" decoding=\"async\" width=\"1479\" height=\"1330\" src=\"https:\/\/inegolpapel.com\/wp-content\/uploads\/2026\/03\/DSC9240.jpg\" class=\"attachment-full size-full\" alt=\"\" srcset=\"https:\/\/inegolpapel.com\/wp-content\/uploads\/2026\/03\/DSC9240.jpg 1479w, https:\/\/inegolpapel.com\/wp-content\/uploads\/2026\/03\/DSC9240-334x300.jpg 334w, https:\/\/inegolpapel.com\/wp-content\/uploads\/2026\/03\/DSC9240-890x800.jpg 890w, https:\/\/inegolpapel.com\/wp-content\/uploads\/2026\/03\/DSC9240-768x691.jpg 768w, https:\/\/inegolpapel.com\/wp-content\/uploads\/2026\/03\/DSC9240-430x387.jpg 430w, https:\/\/inegolpapel.com\/wp-content\/uploads\/2026\/03\/DSC9240-700x629.jpg 700w, https:\/\/inegolpapel.com\/wp-content\/uploads\/2026\/03\/DSC9240-150x135.jpg 150w\" sizes=\"auto, (max-width: 1479px) 100vw, 1479px\" \/>\t\t\t\t\t<\/div>\n\n\t\t\t\t\t\t<\/div>\n\t\t\t\t<\/div>\n\t\t\t\t<\/div>\n\t\t<div class=\"elementor-element elementor-element-738f371 e-con-full e-flex e-con e-child\" data-id=\"738f371\" data-element_type=\"container\" data-e-type=\"container\">\n\t\t\t\t<div class=\"elementor-element elementor-element-5586eab elementor-widget elementor-widget-wd_image_or_svg\" data-id=\"5586eab\" data-element_type=\"widget\" data-e-type=\"widget\" data-widget_type=\"wd_image_or_svg.default\">\n\t\t\t\t<div class=\"elementor-widget-container\">\n\t\t\t\t\t\n\t\t<div class=\"wd-image text-left\">\n\t\t\t\t\t\t\t\t<img loading=\"lazy\" decoding=\"async\" width=\"1479\" height=\"1330\" src=\"https:\/\/inegolpapel.com\/wp-content\/uploads\/2026\/03\/DSC9242.jpg\" class=\"attachment-full size-full\" alt=\"\" srcset=\"https:\/\/inegolpapel.com\/wp-content\/uploads\/2026\/03\/DSC9242.jpg 1479w, https:\/\/inegolpapel.com\/wp-content\/uploads\/2026\/03\/DSC9242-334x300.jpg 334w, https:\/\/inegolpapel.com\/wp-content\/uploads\/2026\/03\/DSC9242-890x800.jpg 890w, https:\/\/inegolpapel.com\/wp-content\/uploads\/2026\/03\/DSC9242-768x691.jpg 768w, https:\/\/inegolpapel.com\/wp-content\/uploads\/2026\/03\/DSC9242-430x387.jpg 430w, https:\/\/inegolpapel.com\/wp-content\/uploads\/2026\/03\/DSC9242-700x629.jpg 700w, https:\/\/inegolpapel.com\/wp-content\/uploads\/2026\/03\/DSC9242-150x135.jpg 150w\" sizes=\"auto, (max-width: 1479px) 100vw, 1479px\" \/>\t\t\t\t\t<\/div>\n\n\t\t\t\t\t\t<\/div>\n\t\t\t\t<\/div>\n\t\t\t\t<\/div>\n\t\t\t\t<\/div>\n\t\t\t\t<\/div>\n\t\t","protected":false},"excerpt":{"rendered":"<h1 class=\"product_title entry-title wd-entities-title\">\u0130ksir<\/h1>\n<div class=\"woocommerce-product-details__short-description\">\n<p data-start=\"190\" data-end=\"396\">\u0130ksir Modeli, modern tasar\u0131m anlay\u0131\u015f\u0131 ve zarif detaylar\u0131yla ya\u015fam alanlar\u0131na etkileyici bir atmosfer kazand\u0131r\u0131r. Ak\u0131c\u0131 hatlar\u0131 ve estetik formu sayesinde bulundu\u011fu her mek\u00e2nda dikkat \u00e7eken bir \u015f\u0131kl\u0131k sunar.<\/p>\n<p data-start=\"398\" data-end=\"648\">Konfor odakl\u0131 tasar\u0131m\u0131, sa\u011flam yap\u0131s\u0131 ve kaliteli malzeme se\u00e7imi ile hem g\u00fcnl\u00fck kullan\u0131mda hem de \u00f6zel ya\u015fam alanlar\u0131nda uzun \u00f6m\u00fcrl\u00fc bir deneyim sa\u011flar. Modern dekorasyonlarla kusursuz uyum yakalayan \u0130ksir Modeli, mek\u00e2nlara karakter ve zarafet katar.<\/p>\n<p data-start=\"650\" data-end=\"749\">\u0130ksir Modeli, tasar\u0131m ve konforu bir araya getirerek ya\u015fam alanlar\u0131na b\u00fcy\u00fcleyici bir dokunu\u015f sunar.<\/p>\n<p data-start=\"751\" data-end=\"807\"><strong data-start=\"751\" data-end=\"807\">\u0130ksir Modeli ile mek\u00e2nlar\u0131n\u0131za zarif bir etki kat\u0131n.<\/strong><\/p>\n<\/div>\n","protected":false},"featured_media":29984,"comment_status":"closed","ping_status":"closed","template":"","meta":[],"product_brand":[133],"product_cat":[131],"product_tag":[],"class_list":{"0":"post-29982","1":"product","2":"type-product","3":"status-publish","4":"has-post-thumbnail","6":"product_brand-inegol-papel","7":"product_cat-papel","9":"first","10":"instock","11":"shipping-taxable","12":"product-type-simple"},"_links":{"self":[{"href":"https:\/\/inegolpapel.com\/index.php?rest_route=\/wp\/v2\/product\/29982","targetHints":{"allow":["GET"]}}],"collection":[{"href":"https:\/\/inegolpapel.com\/index.php?rest_route=\/wp\/v2\/product"}],"about":[{"href":"https:\/\/inegolpapel.com\/index.php?rest_route=\/wp\/v2\/types\/product"}],"replies":[{"embeddable":true,"href":"https:\/\/inegolpapel.com\/index.php?rest_route=%2Fwp%2Fv2%2Fcomments&post=29982"}],"version-history":[{"count":6,"href":"https:\/\/inegolpapel.com\/index.php?rest_route=\/wp\/v2\/product\/29982\/revisions"}],"predecessor-version":[{"id":29996,"href":"https:\/\/inegolpapel.com\/index.php?rest_route=\/wp\/v2\/product\/29982\/revisions\/29996"}],"wp:featuredmedia":[{"embeddable":true,"href":"https:\/\/inegolpapel.com\/index.php?rest_route=\/wp\/v2\/media\/29984"}],"wp:attachment":[{"href":"https:\/\/inegolpapel.com\/index.php?rest_route=%2Fwp%2Fv2%2Fmedia&parent=29982"}],"wp:term":[{"taxonomy":"product_brand","embeddable":true,"href":"https:\/\/inegolpapel.com\/index.php?rest_route=%2Fwp%2Fv2%2Fproduct_brand&post=29982"},{"taxonomy":"product_cat","embeddable":true,"href":"https:\/\/inegolpapel.com\/index.php?rest_route=%2Fwp%2Fv2%2Fproduct_cat&post=29982"},{"taxonomy":"product_tag","embeddable":true,"href":"https:\/\/inegolpapel.com\/index.php?rest_route=%2Fwp%2Fv2%2Fproduct_tag&post=29982"}],"curies":[{"name":"wp","href":"https:\/\/api.w.org\/{rel}","templated":true}]}}