{"id":30028,"date":"2026-03-16T09:31:12","date_gmt":"2026-03-16T09:31:12","guid":{"rendered":"https:\/\/inegolpapel.com\/?post_type=product&#038;p=30028"},"modified":"2026-03-16T09:33:57","modified_gmt":"2026-03-16T09:33:57","slug":"tokyo-2","status":"publish","type":"product","link":"https:\/\/inegolpapel.com\/?product=tokyo-2","title":{"rendered":"Tokyo"},"content":{"rendered":"\t\t<div data-elementor-type=\"wp-post\" data-elementor-id=\"30028\" class=\"elementor elementor-30028\">\n\t\t\t\t<div class=\"elementor-element elementor-element-53eea44 e-con-full e-flex e-con e-parent\" data-id=\"53eea44\" data-element_type=\"container\" data-e-type=\"container\">\n\t\t<div class=\"elementor-element elementor-element-cc8e042 e-con-full e-flex e-con e-child\" data-id=\"cc8e042\" data-element_type=\"container\" data-e-type=\"container\">\n\t\t\t\t<div class=\"elementor-element elementor-element-4a8a87a elementor-widget elementor-widget-wd_text_block\" data-id=\"4a8a87a\" data-element_type=\"widget\" data-e-type=\"widget\" data-widget_type=\"wd_text_block.default\">\n\t\t\t\t<div class=\"elementor-widget-container\">\n\t\t\t\t\t\t\t<div class=\"wd-text-block reset-last-child text-left\">\n\t\t\t\n\t\t\t<ul><li data-start=\"611\" data-end=\"654\"><p data-start=\"613\" data-end=\"654\">Dayan\u0131kl\u0131 ve hafif papel iskelet yap\u0131s\u0131<\/p><\/li><li data-start=\"655\" data-end=\"679\"><p data-start=\"657\" data-end=\"679\">Uzun \u00f6m\u00fcrl\u00fc kullan\u0131m<\/p><\/li><li data-start=\"680\" data-end=\"716\"><p data-start=\"682\" data-end=\"716\">Modern ve sade tasar\u0131m \u00e7izgileri<\/p><\/li><li data-start=\"717\" data-end=\"785\"><p data-start=\"719\" data-end=\"785\">Farkl\u0131 d\u00f6\u015feme kuma\u015f ve renk se\u00e7enekleriyle ki\u015fiselle\u015ftirilebilir<\/p><\/li><li data-start=\"786\" data-end=\"846\"><p data-start=\"788\" data-end=\"846\">Ev, ofis veya kafe gibi farkl\u0131 kullan\u0131m alanlar\u0131na uygun<\/p><\/li><\/ul>\n\t\t\t\t\t<\/div>\n\t\t\t\t\t\t<\/div>\n\t\t\t\t<\/div>\n\t\t\t\t<\/div>\n\t\t<div class=\"elementor-element elementor-element-2136194 e-con-full e-flex e-con e-child\" data-id=\"2136194\" data-element_type=\"container\" data-e-type=\"container\">\n\t\t\t\t<div class=\"elementor-element elementor-element-e17d3f0 elementor-widget elementor-widget-wd_image_or_svg\" data-id=\"e17d3f0\" data-element_type=\"widget\" data-e-type=\"widget\" data-widget_type=\"wd_image_or_svg.default\">\n\t\t\t\t<div class=\"elementor-widget-container\">\n\t\t\t\t\t\n\t\t<div class=\"wd-image text-left\">\n\t\t\t\t\t\t\t\t<img loading=\"lazy\" decoding=\"async\" width=\"1479\" height=\"1330\" src=\"https:\/\/inegolpapel.com\/wp-content\/uploads\/2026\/03\/DSC9216.jpg\" class=\"attachment-full size-full\" alt=\"\" srcset=\"https:\/\/inegolpapel.com\/wp-content\/uploads\/2026\/03\/DSC9216.jpg 1479w, https:\/\/inegolpapel.com\/wp-content\/uploads\/2026\/03\/DSC9216-334x300.jpg 334w, https:\/\/inegolpapel.com\/wp-content\/uploads\/2026\/03\/DSC9216-890x800.jpg 890w, https:\/\/inegolpapel.com\/wp-content\/uploads\/2026\/03\/DSC9216-768x691.jpg 768w, https:\/\/inegolpapel.com\/wp-content\/uploads\/2026\/03\/DSC9216-430x387.jpg 430w, https:\/\/inegolpapel.com\/wp-content\/uploads\/2026\/03\/DSC9216-700x629.jpg 700w, https:\/\/inegolpapel.com\/wp-content\/uploads\/2026\/03\/DSC9216-150x135.jpg 150w\" sizes=\"auto, (max-width: 1479px) 100vw, 1479px\" \/>\t\t\t\t\t<\/div>\n\n\t\t\t\t\t\t<\/div>\n\t\t\t\t<\/div>\n\t\t\t\t<\/div>\n\t\t<div class=\"elementor-element elementor-element-738f371 e-con-full e-flex e-con e-child\" data-id=\"738f371\" data-element_type=\"container\" data-e-type=\"container\">\n\t\t\t\t<div class=\"elementor-element elementor-element-5586eab elementor-widget elementor-widget-wd_image_or_svg\" data-id=\"5586eab\" data-element_type=\"widget\" data-e-type=\"widget\" data-widget_type=\"wd_image_or_svg.default\">\n\t\t\t\t<div class=\"elementor-widget-container\">\n\t\t\t\t\t\n\t\t<div class=\"wd-image text-left\">\n\t\t\t\t\t\t\t\t<img loading=\"lazy\" decoding=\"async\" width=\"1479\" height=\"1330\" src=\"https:\/\/inegolpapel.com\/wp-content\/uploads\/2026\/03\/DSC9217.jpg\" class=\"attachment-full size-full\" alt=\"\" srcset=\"https:\/\/inegolpapel.com\/wp-content\/uploads\/2026\/03\/DSC9217.jpg 1479w, https:\/\/inegolpapel.com\/wp-content\/uploads\/2026\/03\/DSC9217-334x300.jpg 334w, https:\/\/inegolpapel.com\/wp-content\/uploads\/2026\/03\/DSC9217-890x800.jpg 890w, https:\/\/inegolpapel.com\/wp-content\/uploads\/2026\/03\/DSC9217-768x691.jpg 768w, https:\/\/inegolpapel.com\/wp-content\/uploads\/2026\/03\/DSC9217-430x387.jpg 430w, https:\/\/inegolpapel.com\/wp-content\/uploads\/2026\/03\/DSC9217-700x629.jpg 700w, https:\/\/inegolpapel.com\/wp-content\/uploads\/2026\/03\/DSC9217-150x135.jpg 150w\" sizes=\"auto, (max-width: 1479px) 100vw, 1479px\" \/>\t\t\t\t\t<\/div>\n\n\t\t\t\t\t\t<\/div>\n\t\t\t\t<\/div>\n\t\t\t\t<\/div>\n\t\t\t\t<\/div>\n\t\t\t\t<\/div>\n\t\t","protected":false},"excerpt":{"rendered":"<p data-start=\"177\" data-end=\"378\">Tokyo Modeli, \u00e7a\u011fda\u015f tasar\u0131m\u0131 ve ak\u0131c\u0131 hatlar\u0131yla ya\u015fam alanlar\u0131na modern ve sofistike bir hava kazand\u0131r\u0131r. Minimal ama dikkat \u00e7ekici formu sayesinde bulundu\u011fu her mek\u00e2nda estetik bir duru\u015f sergiler.<\/p>\n<p data-start=\"380\" data-end=\"653\">Ergonomik s\u0131rt yap\u0131s\u0131 ve konforlu oturum alan\u0131 uzun s\u00fcreli kullan\u0131mlarda rahatl\u0131k sa\u011flarken, sa\u011flam iskelet sistemi ve kaliteli malzeme se\u00e7imi dayan\u0131kl\u0131l\u0131\u011f\u0131 garanti eder. Ev ya\u015fam alanlar\u0131ndan modern ofis ve proje uygulamalar\u0131na kadar geni\u015f bir kullan\u0131m alan\u0131na uygundur.<\/p>\n<p data-start=\"655\" data-end=\"754\">Tokyo Modeli, minimal tasar\u0131m\u0131 g\u00fc\u00e7l\u00fc bir karakterle birle\u015ftirerek mek\u00e2nlara stil ve konfor sunar.<\/p>\n<p data-start=\"756\" data-end=\"823\"><strong data-start=\"756\" data-end=\"821\">Tokyo Modeli ile ya\u015fam alanlar\u0131n\u0131za \u015fehirli bir \u015f\u0131kl\u0131k kat\u0131n.<\/strong><\/p>\n","protected":false},"featured_media":30030,"comment_status":"closed","ping_status":"closed","template":"","meta":[],"product_brand":[133],"product_cat":[131],"product_tag":[],"class_list":{"0":"post-30028","1":"product","2":"type-product","3":"status-publish","4":"has-post-thumbnail","6":"product_brand-inegol-papel","7":"product_cat-papel","9":"first","10":"instock","11":"shipping-taxable","12":"product-type-simple"},"_links":{"self":[{"href":"https:\/\/inegolpapel.com\/index.php?rest_route=\/wp\/v2\/product\/30028","targetHints":{"allow":["GET"]}}],"collection":[{"href":"https:\/\/inegolpapel.com\/index.php?rest_route=\/wp\/v2\/product"}],"about":[{"href":"https:\/\/inegolpapel.com\/index.php?rest_route=\/wp\/v2\/types\/product"}],"replies":[{"embeddable":true,"href":"https:\/\/inegolpapel.com\/index.php?rest_route=%2Fwp%2Fv2%2Fcomments&post=30028"}],"version-history":[{"count":4,"href":"https:\/\/inegolpapel.com\/index.php?rest_route=\/wp\/v2\/product\/30028\/revisions"}],"predecessor-version":[{"id":30038,"href":"https:\/\/inegolpapel.com\/index.php?rest_route=\/wp\/v2\/product\/30028\/revisions\/30038"}],"wp:featuredmedia":[{"embeddable":true,"href":"https:\/\/inegolpapel.com\/index.php?rest_route=\/wp\/v2\/media\/30030"}],"wp:attachment":[{"href":"https:\/\/inegolpapel.com\/index.php?rest_route=%2Fwp%2Fv2%2Fmedia&parent=30028"}],"wp:term":[{"taxonomy":"product_brand","embeddable":true,"href":"https:\/\/inegolpapel.com\/index.php?rest_route=%2Fwp%2Fv2%2Fproduct_brand&post=30028"},{"taxonomy":"product_cat","embeddable":true,"href":"https:\/\/inegolpapel.com\/index.php?rest_route=%2Fwp%2Fv2%2Fproduct_cat&post=30028"},{"taxonomy":"product_tag","embeddable":true,"href":"https:\/\/inegolpapel.com\/index.php?rest_route=%2Fwp%2Fv2%2Fproduct_tag&post=30028"}],"curies":[{"name":"wp","href":"https:\/\/api.w.org\/{rel}","templated":true}]}}